{"id":14,"date":"2024-11-02T20:24:40","date_gmt":"2024-11-02T19:24:40","guid":{"rendered":"https:\/\/susis-herzenssach.de\/?page_id=14"},"modified":"2026-03-09T11:59:05","modified_gmt":"2026-03-09T10:59:05","slug":"stillberatung","status":"publish","type":"page","link":"https:\/\/susis-herzenssach.de\/index.php\/stillberatung\/","title":{"rendered":"Stillberatung"},"content":{"rendered":"<div data-colibri-id=\"14-c1\" class=\"style-325 style-local-14-c1 position-relative\">\n  <!---->\n  <div data-colibri-component=\"section\" data-colibri-id=\"14-c2\" id=\"custom\" class=\"h-section h-section-global-spacing d-flex align-items-lg-center align-items-md-center align-items-center style-350 style-local-14-c2 position-relative\">\n    <!---->\n    <!---->\n    <div class=\"h-section-grid-container h-section-boxed-container\">\n      <!---->\n      <div data-colibri-id=\"14-c3\" class=\"h-row-container gutters-row-lg-2 gutters-row-md-2 gutters-row-0 gutters-row-v-lg-2 gutters-row-v-md-2 gutters-row-v-2 style-351 style-local-14-c3 position-relative\">\n        <!---->\n        <div class=\"h-row justify-content-lg-center justify-content-md-center justify-content-center align-items-lg-stretch align-items-md-stretch align-items-stretch gutters-col-lg-2 gutters-col-md-2 gutters-col-0 gutters-col-v-lg-2 gutters-col-v-md-2 gutters-col-v-2\">\n          <!---->\n          <div class=\"h-column h-column-container d-flex h-col-lg-auto h-col-md-auto h-col-auto style-352-outer style-local-14-c4-outer\">\n            <div data-colibri-id=\"14-c4\" class=\"d-flex h-flex-basis h-column__inner h-px-lg-2 h-px-md-2 h-px-2 v-inner-lg-2 v-inner-md-2 v-inner-2 style-352 style-local-14-c4 position-relative\">\n              <!---->\n              <!---->\n              <div class=\"w-100 h-y-container h-column__content h-column__v-align flex-basis-100 align-self-lg-start align-self-md-start align-self-start\">\n                <!---->\n                <div data-colibri-id=\"14-c5\" class=\"h-text h-text-component style-355 style-local-14-c5 position-relative h-element\">\n                  <!---->\n                  <!---->\n                  <div class=\"\">\n                    <p>Manchmal tauchen Fragen oder Unsicherheiten erst nach der Geburt auf.\n                      <br>Ich begleite Dich auch dann \u2013<strong>&nbsp;individuell und ohne Zeitdruck.<\/strong><\/p>\n                    <ul>\n                      <li>Erste Stillberatung: kostenlos<\/li>\n                      <li>Weitere Beratungen: privat &amp; nach Aufwand<\/li>\n                    <\/ul>\n                    <p>Schreib mir gerne, wir besprechen alles in Ruhe.<\/p>\n                    <p>&nbsp;<\/p>\n                    <p><strong>Meine Arbeit ersetzt keine Hebamme und keine \u00e4rztliche Betreuung.<br>Ich erg\u00e4nze sie dort, wo h\u00e4ufig Unsicherheit entsteht:<\/strong><\/p>\n                    <ul>\n                      <li>mit aktuellem, spezialisiertem Stillwissen<\/li>\n                      <li>mit Vorbereitung&nbsp;<strong>vor<\/strong>&nbsp;der Geburt<\/li>\n                      <li>mit individueller Begleitung statt pauschaler Ratschl\u00e4ge<\/li>\n                    <\/ul>\n                  <\/div>\n                <\/div>\n              <\/div>\n            <\/div>\n          <\/div>\n        <\/div>\n      <\/div>\n      <div data-colibri-id=\"14-c6\" class=\"h-row-container gutters-row-lg-2 gutters-row-md-2 gutters-row-0 gutters-row-v-lg-2 gutters-row-v-md-2 gutters-row-v-2 style-555 style-local-14-c6 position-relative\">\n        <!---->\n        <div class=\"h-row justify-content-lg-center justify-content-md-center justify-content-center align-items-lg-stretch align-items-md-stretch align-items-stretch gutters-col-lg-2 gutters-col-md-2 gutters-col-0 gutters-col-v-lg-2 gutters-col-v-md-2 gutters-col-v-2\">\n          <!---->\n          <div class=\"h-column h-column-container d-flex h-col-lg-auto h-col-md-auto h-col-auto style-556-outer style-local-14-c7-outer\">\n            <div data-colibri-id=\"14-c7\" class=\"d-flex h-flex-basis h-column__inner h-px-lg-2 h-px-md-2 h-px-2 v-inner-lg-2 v-inner-md-2 v-inner-2 style-556 style-local-14-c7 position-relative\">\n              <!---->\n              <!---->\n              <div class=\"w-100 h-y-container h-column__content h-column__v-align flex-basis-100 align-self-lg-start align-self-md-start align-self-start\">\n                <!---->\n                <div data-colibri-id=\"14-c8\" class=\"d-block style-557 style-local-14-c8 position-relative h-element\">\n                  <!---->\n                  <div class=\"h-image__frame-container-outer\">\n                    <div class=\"h-image__frame-container\">\n                      <!---->\n                      <!---->\n                      <img loading=\"lazy\" decoding=\"async\" width=\"1280\" height=\"1920\" src=\"https:\/\/susis-herzenssach.de\/wp-content\/uploads\/2026\/03\/publicdomainpictures-baby-21167_1920.jpg\" class=\"wp-image-965 style-557-image style-local-14-c8-image\" alt=\"\" srcset=\"https:\/\/susis-herzenssach.de\/wp-content\/uploads\/2026\/03\/publicdomainpictures-baby-21167_1920.jpg 1280w, https:\/\/susis-herzenssach.de\/wp-content\/uploads\/2026\/03\/publicdomainpictures-baby-21167_1920-200x300.jpg 200w, https:\/\/susis-herzenssach.de\/wp-content\/uploads\/2026\/03\/publicdomainpictures-baby-21167_1920-683x1024.jpg 683w, https:\/\/susis-herzenssach.de\/wp-content\/uploads\/2026\/03\/publicdomainpictures-baby-21167_1920-768x1152.jpg 768w, https:\/\/susis-herzenssach.de\/wp-content\/uploads\/2026\/03\/publicdomainpictures-baby-21167_1920-1024x1536.jpg 1024w\" sizes=\"auto, (max-width: 1280px) 100vw, 1280px\" \/>\n                      <div class=\"h-image__frame h-hide-lg h-hide-md h-hide-sm style-557-frameImage style-local-14-c8-frameImage\"><\/div>\n                    <\/div>\n                  <\/div>\n                <\/div>\n              <\/div>\n            <\/div>\n          <\/div>\n        <\/div>\n      <\/div>\n    <\/div>\n  <\/div>\n<\/div>","protected":false},"excerpt":{"rendered":"<p>Manchmal tauchen Fragen oder Unsicherheiten erst nach der Geburt auf. Ich begleite Dich [&hellip;]<\/p>\n","protected":false},"author":1,"featured_media":0,"parent":0,"menu_order":0,"comment_status":"closed","ping_status":"closed","template":"page-templates\/full-width-page.php","meta":{"footnotes":""},"class_list":["post-14","page","type-page","status-publish","hentry"],"_links":{"self":[{"href":"https:\/\/susis-herzenssach.de\/index.php\/wp-json\/wp\/v2\/pages\/14","targetHints":{"allow":["GET"]}}],"collection":[{"href":"https:\/\/susis-herzenssach.de\/index.php\/wp-json\/wp\/v2\/pages"}],"about":[{"href":"https:\/\/susis-herzenssach.de\/index.php\/wp-json\/wp\/v2\/types\/page"}],"author":[{"embeddable":true,"href":"https:\/\/susis-herzenssach.de\/index.php\/wp-json\/wp\/v2\/users\/1"}],"replies":[{"embeddable":true,"href":"https:\/\/susis-herzenssach.de\/index.php\/wp-json\/wp\/v2\/comments?post=14"}],"version-history":[{"count":17,"href":"https:\/\/susis-herzenssach.de\/index.php\/wp-json\/wp\/v2\/pages\/14\/revisions"}],"predecessor-version":[{"id":1105,"href":"https:\/\/susis-herzenssach.de\/index.php\/wp-json\/wp\/v2\/pages\/14\/revisions\/1105"}],"wp:attachment":[{"href":"https:\/\/susis-herzenssach.de\/index.php\/wp-json\/wp\/v2\/media?parent=14"}],"curies":[{"name":"wp","href":"https:\/\/api.w.org\/{rel}","templated":true}]}}