{"id":18,"date":"2024-11-02T20:25:23","date_gmt":"2024-11-02T19:25:23","guid":{"rendered":"https:\/\/susis-herzenssach.de\/?page_id=18"},"modified":"2026-03-09T13:00:21","modified_gmt":"2026-03-09T12:00:21","slug":"ueber-mich","status":"publish","type":"page","link":"https:\/\/susis-herzenssach.de\/index.php\/ueber-mich\/","title":{"rendered":"\u00dcber mich"},"content":{"rendered":"<div data-colibri-id=\"18-c1\" class=\"style-281 style-local-18-c1 position-relative\">\n  <!---->\n  <div data-colibri-component=\"section\" data-colibri-id=\"18-c2\" id=\"custom\" class=\"h-section h-section-global-spacing d-flex align-items-lg-center align-items-md-center align-items-center style-287 style-local-18-c2 position-relative\">\n    <!---->\n    <!---->\n    <div class=\"h-section-grid-container h-section-boxed-container\">\n      <!---->\n      <div data-colibri-id=\"18-c3\" class=\"h-row-container gutters-row-lg-2 gutters-row-md-2 gutters-row-0 gutters-row-v-lg-2 gutters-row-v-md-2 gutters-row-v-2 style-288 style-local-18-c3 position-relative\">\n        <!---->\n        <div class=\"h-row justify-content-lg-center justify-content-md-center justify-content-center align-items-lg-stretch align-items-md-stretch align-items-stretch gutters-col-lg-2 gutters-col-md-2 gutters-col-0 gutters-col-v-lg-2 gutters-col-v-md-2 gutters-col-v-2\">\n          <!---->\n          <div class=\"h-column h-column-container d-flex h-col-lg-auto h-col-md-auto h-col-auto style-289-outer style-local-18-c4-outer\">\n            <div data-colibri-id=\"18-c4\" class=\"d-flex h-flex-basis h-column__inner h-px-lg-2 h-px-md-2 h-px-2 v-inner-lg-2 v-inner-md-2 v-inner-2 style-289 style-local-18-c4 position-relative\">\n              <!---->\n              <!---->\n              <div class=\"w-100 h-y-container h-column__content h-column__v-align flex-basis-100 align-self-lg-start align-self-md-start align-self-start\">\n                <!---->\n                <div data-colibri-id=\"18-c5\" class=\"h-global-transition-all h-heading style-293 style-local-18-c5 position-relative h-element\">\n                  <!---->\n                  <div class=\"h-heading__outer style-293 style-local-18-c5\">\n                    <!---->\n                    <!---->\n                    <h2 class=\"\">Hallo, ich bin Susi<\/h2>\n                  <\/div>\n                <\/div>\n                <div data-colibri-id=\"18-c6\" class=\"h-text h-text-component style-292 style-local-18-c6 position-relative h-element\">\n                  <!---->\n                  <!---->\n                  <div class=\"\">\n                    <p>Ich bin Gesundheits- und Kinderkrankenpflegerin, IBCLC, Still- und Laktationsexpertin und Mama.&nbsp;<\/p>\n                    <p>Seit vielen Jahren begleite ich Familien im Gesundheitswesen \u2013 und erlebe immer wieder, wie sehr M\u00fctter sich verunsichern lassen.<\/p>\n                    <p>Zu viele Meinungen.\n                      <br>Zu viele Mythen.\n                      <br>Zu wenig aktuelles, verst\u00e4ndliches Wissen.&nbsp;<\/p>\n                    <p>Meine Motivation ist es, diese L\u00fccke zu schlie\u00dfen.\n                      <br>Ich m\u00f6chte Dir Sicherheit geben \u2013&nbsp;<strong>schon vor der Geburt<\/strong>&nbsp;\u2013 damit Du Deinem Gef\u00fchl wieder vertrauen kannst und wei\u00dft, was Du Dir f\u00fcr Dich und Dein Baby w\u00fcnschst.&nbsp;<\/p>\n                    <p>Warum meine Begleitung anders ist?&nbsp;<\/p>\n                    <p>Weil es&nbsp;<strong>nicht den einen&nbsp;<\/strong>richtigen Weg gibt-&nbsp;<strong>sondern deinen.<\/strong><\/p>\n                    <p>Ich vermittle&nbsp;<strong>Orientierung statt Vorgaben.<\/strong><\/p>\n                    <p>&nbsp;<\/p>\n                    <p><strong>Was Dich bei mir erwartet<\/strong><\/p>\n                    <ul>\n                      <li>aktuelles, wissenschaftlich fundiertes Stillwissen (IBCLC)<\/li>\n                      <li>verst\u00e4ndliche Inhalte ohne Fachchinesisch<\/li>\n                      <li>Raum f\u00fcr Deine Fragen \u2013 ohne Bewertung<\/li>\n                      <li>kleine Gruppen oder Einzelbegleitung<\/li>\n                      <li>ruhige, famili\u00e4re Atmosph\u00e4re<\/li>\n                      <li>Vorbereitung&nbsp;<strong>vor<\/strong>&nbsp;der Geburt \u2013 nicht erst, wenn Probleme da sind<\/li>\n                    <\/ul>\n                    <p>Mein Ziel ist, dass Du nach meinen Kursen sagen kannst:\n                      <br><strong>\u201eIch f\u00fchle mich sicher und gut vorbereitet.\u201c<\/strong><\/p>\n                    <p>\n                      <br>\n                    <\/p>\n                  <\/div>\n                <\/div>\n              <\/div>\n            <\/div>\n          <\/div>\n        <\/div>\n      <\/div>\n      <div data-colibri-id=\"18-c7\" class=\"h-row-container gutters-row-lg-2 gutters-row-md-2 gutters-row-0 gutters-row-v-lg-2 gutters-row-v-md-2 gutters-row-v-2 style-549 style-local-18-c7 position-relative\">\n        <!---->\n        <div class=\"h-row justify-content-lg-center justify-content-md-center justify-content-center align-items-lg-stretch align-items-md-stretch align-items-stretch gutters-col-lg-2 gutters-col-md-2 gutters-col-0 gutters-col-v-lg-2 gutters-col-v-md-2 gutters-col-v-2\">\n          <!---->\n          <div class=\"h-column h-column-container d-flex h-col-lg-auto h-col-md-auto h-col-auto style-550-outer style-local-18-c8-outer\">\n            <div data-colibri-id=\"18-c8\" class=\"d-flex h-flex-basis h-column__inner h-ui-empty-state-container h-px-lg-2 h-px-md-2 h-px-2 v-inner-lg-2 v-inner-md-2 v-inner-2 style-550 style-local-18-c8 position-relative\">\n              <!---->\n              <!---->\n              <div class=\"w-100 h-y-container h-column__content h-column__v-align flex-basis-100\">\n                <!---->\n              <\/div>\n            <\/div>\n          <\/div>\n          <div class=\"h-column h-column-container d-flex h-col-lg-auto h-col-md-auto h-col-auto style-558-outer style-local-18-c10-outer\">\n            <div data-colibri-id=\"18-c10\" class=\"d-flex h-flex-basis h-column__inner h-px-lg-2 h-px-md-2 h-px-2 v-inner-lg-2 v-inner-md-2 v-inner-2 style-558 style-local-18-c10 position-relative\">\n              <!---->\n              <!---->\n              <div class=\"w-100 h-y-container h-column__content h-column__v-align flex-basis-100 align-self-lg-start align-self-md-start align-self-start\">\n                <!---->\n                <div data-colibri-id=\"18-c9\" class=\"d-block style-551 style-local-18-c9 position-relative h-element\">\n                  <!---->\n                  <div class=\"h-image__frame-container-outer\">\n                    <div class=\"h-image__frame-container\">\n                      <!---->\n                      <!---->\n                      <img loading=\"lazy\" decoding=\"async\" width=\"1856\" height=\"2560\" src=\"https:\/\/susis-herzenssach.de\/wp-content\/uploads\/2024\/11\/23E815AF-25A0-4136-BAC1-3FCA47298AB7-L0-001-scaled.jpeg\" class=\"wp-image-45 style-551-image style-local-18-c9-image\" alt=\"\" srcset=\"https:\/\/susis-herzenssach.de\/wp-content\/uploads\/2024\/11\/23E815AF-25A0-4136-BAC1-3FCA47298AB7-L0-001-scaled.jpeg 1856w, https:\/\/susis-herzenssach.de\/wp-content\/uploads\/2024\/11\/23E815AF-25A0-4136-BAC1-3FCA47298AB7-L0-001-218x300.jpeg 218w, https:\/\/susis-herzenssach.de\/wp-content\/uploads\/2024\/11\/23E815AF-25A0-4136-BAC1-3FCA47298AB7-L0-001-742x1024.jpeg 742w, https:\/\/susis-herzenssach.de\/wp-content\/uploads\/2024\/11\/23E815AF-25A0-4136-BAC1-3FCA47298AB7-L0-001-768x1059.jpeg 768w, https:\/\/susis-herzenssach.de\/wp-content\/uploads\/2024\/11\/23E815AF-25A0-4136-BAC1-3FCA47298AB7-L0-001-1114x1536.jpeg 1114w, https:\/\/susis-herzenssach.de\/wp-content\/uploads\/2024\/11\/23E815AF-25A0-4136-BAC1-3FCA47298AB7-L0-001-1485x2048.jpeg 1485w\" sizes=\"auto, (max-width: 1856px) 100vw, 1856px\" \/>\n                      <div class=\"h-image__frame h-hide-lg h-hide-md h-hide-sm style-551-frameImage style-local-18-c9-frameImage\"><\/div>\n                    <\/div>\n                  <\/div>\n                <\/div>\n              <\/div>\n            <\/div>\n          <\/div>\n          <div class=\"h-column h-column-container d-flex h-col-lg-auto h-col-md-auto h-col-auto style-559-outer style-local-18-c11-outer\">\n            <div data-colibri-id=\"18-c11\" class=\"d-flex h-flex-basis h-column__inner h-ui-empty-state-container h-px-lg-2 h-px-md-2 h-px-2 v-inner-lg-2 v-inner-md-2 v-inner-2 style-559 style-local-18-c11 position-relative\">\n              <!---->\n              <!---->\n              <div class=\"w-100 h-y-container h-column__content h-column__v-align flex-basis-100\">\n                <!---->\n              <\/div>\n            <\/div>\n          <\/div>\n        <\/div>\n      <\/div>\n    <\/div>\n  <\/div>\n<\/div>","protected":false},"excerpt":{"rendered":"<p>Hallo, ich bin Susi Ich bin Gesundheits- und Kinderkrankenpflegerin, IBCLC, Still- und Laktationsexpertin [&hellip;]<\/p>\n","protected":false},"author":1,"featured_media":0,"parent":0,"menu_order":0,"comment_status":"closed","ping_status":"closed","template":"page-templates\/full-width-page.php","meta":{"footnotes":""},"class_list":["post-18","page","type-page","status-publish","hentry"],"_links":{"self":[{"href":"https:\/\/susis-herzenssach.de\/index.php\/wp-json\/wp\/v2\/pages\/18","targetHints":{"allow":["GET"]}}],"collection":[{"href":"https:\/\/susis-herzenssach.de\/index.php\/wp-json\/wp\/v2\/pages"}],"about":[{"href":"https:\/\/susis-herzenssach.de\/index.php\/wp-json\/wp\/v2\/types\/page"}],"author":[{"embeddable":true,"href":"https:\/\/susis-herzenssach.de\/index.php\/wp-json\/wp\/v2\/users\/1"}],"replies":[{"embeddable":true,"href":"https:\/\/susis-herzenssach.de\/index.php\/wp-json\/wp\/v2\/comments?post=18"}],"version-history":[{"count":15,"href":"https:\/\/susis-herzenssach.de\/index.php\/wp-json\/wp\/v2\/pages\/18\/revisions"}],"predecessor-version":[{"id":1133,"href":"https:\/\/susis-herzenssach.de\/index.php\/wp-json\/wp\/v2\/pages\/18\/revisions\/1133"}],"wp:attachment":[{"href":"https:\/\/susis-herzenssach.de\/index.php\/wp-json\/wp\/v2\/media?parent=18"}],"curies":[{"name":"wp","href":"https:\/\/api.w.org\/{rel}","templated":true}]}}